{"id":1543,"date":"2022-07-05T16:39:35","date_gmt":"2022-07-05T14:39:35","guid":{"rendered":"http:\/\/www.armor-proteines.com\/hyperproteine\/"},"modified":"2026-03-09T12:37:23","modified_gmt":"2026-03-09T11:37:23","slug":"high-protein-products-with-milk-proteins","status":"publish","type":"page","link":"https:\/\/www.armor-proteines.com\/en\/innovation-dairy-products-our-solutions\/thematiques\/high-protein-products-with-milk-proteins\/","title":{"rendered":"High-protein products"},"content":{"rendered":"\n\n\n    \n        <div class=\"gk-wrapper container  no-bg\">\n            \n\n<div class=\"wp-block-columns is-layout-flex wp-container-core-columns-is-layout-9d6595d7 wp-block-columns-is-layout-flex\">\n<div class=\"wp-block-column is-layout-flow wp-block-column-is-layout-flow\" style=\"flex-basis:100%\">\n\n\n    \n        <div class=\"gk-wrapper container  no-bg\">\n            \n\n<div class=\"wp-block-columns is-layout-flex wp-container-core-columns-is-layout-9d6595d7 wp-block-columns-is-layout-flex\">\n<div class=\"wp-block-column is-layout-flow wp-block-column-is-layout-flow\">\n<h3 class=\"wp-block-heading\"><strong>Qu\u2019est-ce que les prot\u00e9ines laiti\u00e8res&nbsp;?<\/strong><\/h3>\n\n\n\n<p>Milk is the first food discovered by humans. Composed of 85% water, it is rich in vitamins and minerals, but also in macronutrients, including proteins. Milk proteins are of high nutritional quality. They are called &#8220;complete proteins&#8221; because of their digestibility and their content of 9 essential amino acids.<\/p>\n\n\n\n<p>Milk proteins play a very important role in muscle metabolism. There are two types of protein in milk with benefits for muscle metabolism:<\/p>\n\n\n\n<ul class=\"wp-block-list\">\n<li>les <strong><a href=\"https:\/\/www.armor-proteines.com\/en\/ingredients\/casein-hydrolysate\/\" target=\"_blank\" rel=\"noreferrer noopener\">cas\u00e9ines<\/a><\/strong> : dig\u00e9r\u00e9es lentement pour renforcer durablement les muscles<\/li>\n\n\n\n<li>les <a href=\"https:\/\/www.armor-proteines.com\/en\/ingredients\/lactose-serum-derivatives-en\/\" target=\"_blank\" rel=\"noreferrer noopener\">prot\u00e9ines de lactos\u00e9rum<\/a> : riches en leucines, dig\u00e9r\u00e9es rapidement pour stimuler la synth\u00e8se musculaire<\/li>\n<\/ul>\n\n\n\n<p>Sources de <a href=\"https:\/\/www.anses.fr\/fr\/content\/le-calcium\"><strong>calcium<\/strong><\/a>, les prot\u00e9ines laiti\u00e8res participent au d\u00e9veloppement osseux et \u00e0 sa pr\u00e9servation. Ces b\u00e9n\u00e9fices sant\u00e9 font des prot\u00e9ines laiti\u00e8res des nutriments essentiels pour de nombreuses populations et particuli\u00e8rement les personnes \u00e2g\u00e9es, les sportifs, les enfants &#8230;<\/p>\n\n\n\n<p>Il existe \u00e9galement de nombreuses propri\u00e9t\u00e9s fonctionnelles des prot\u00e9ines laiti\u00e8res&nbsp; : solubilit\u00e9, apport d\u2019onctuosit\u00e9, propri\u00e9t\u00e9s \u00e9paississantes et \u00e9mulsifiantes, autant de qualit\u00e9s qui permettent d\u2019am\u00e9liorer la texture et le go\u00fbt des aliments.<\/p>\n<\/div>\n\n\n\n<div class=\"wp-block-column is-layout-flow wp-block-column-is-layout-flow\">\n<figure class=\"wp-block-image size-full\"><img loading=\"lazy\" decoding=\"async\" width=\"612\" height=\"408\" src=\"https:\/\/www.armor-proteines.com\/\/wp-content\/uploads\/2022\/07\/MicrosoftTeams-image-42.jpg\" alt=\"Lait de vache vers\u00e9 dans un seau en acier avec en arri\u00e8re plan des vaches qui broutent de l'herbe.\" class=\"wp-image-755\" srcset=\"https:\/\/www.armor-proteines.com\/\/wp-content\/uploads\/2022\/07\/MicrosoftTeams-image-42.jpg 612w, https:\/\/www.armor-proteines.com\/\/wp-content\/uploads\/2022\/07\/MicrosoftTeams-image-42-300x200.jpg 300w\" sizes=\"auto, (max-width: 612px) 100vw, 612px\" \/><\/figure>\n<\/div>\n<\/div>\n\n\n        <\/div>\n\n    <\/div>\n<\/div>\n\n\n        <\/div>\n\n    \n\n\n\n\n    \n        <div class=\"gk-wrapper container  no-bg\">\n            \n\n<div class=\"wp-block-columns reverse is-layout-flex wp-container-core-columns-is-layout-9d6595d7 wp-block-columns-is-layout-flex\">\n<div class=\"wp-block-column is-layout-flow wp-block-column-is-layout-flow\">\n<figure class=\"wp-block-image size-large\"><img loading=\"lazy\" decoding=\"async\" width=\"1024\" height=\"944\" src=\"https:\/\/www.armor-proteines.com\/\/wp-content\/uploads\/2022\/06\/Visuel-Nutrition-1-1024x944.jpg\" alt=\"\" class=\"wp-image-685\" srcset=\"https:\/\/www.armor-proteines.com\/\/wp-content\/uploads\/2022\/06\/Visuel-Nutrition-1-1024x944.jpg 1024w, https:\/\/www.armor-proteines.com\/\/wp-content\/uploads\/2022\/06\/Visuel-Nutrition-1-300x276.jpg 300w, https:\/\/www.armor-proteines.com\/\/wp-content\/uploads\/2022\/06\/Visuel-Nutrition-1-768x708.jpg 768w, https:\/\/www.armor-proteines.com\/\/wp-content\/uploads\/2022\/06\/Visuel-Nutrition-1-1536x1416.jpg 1536w, https:\/\/www.armor-proteines.com\/\/wp-content\/uploads\/2022\/06\/Visuel-Nutrition-1-2048x1888.jpg 2048w\" sizes=\"auto, (max-width: 1024px) 100vw, 1024px\" \/><\/figure>\n<\/div>\n\n\n\n<div class=\"wp-block-column is-layout-flow wp-block-column-is-layout-flow\">\n<h3 class=\"wp-block-heading\">In what areas are milk proteins used?<\/h3>\n\n\n\n<p>Milk proteins are essential in the field of nutrition. Infant milks, beverages, meal replacements, they allow the development of products adapted to specific nutritional needs.<\/p>\n\n\n\n<ul class=\"wp-block-list\">\n<li>En&nbsp;<a href=\"https:\/\/www.armor-proteines.com\/en\/markets\/senior-clinical-nutrition-en\/\" target=\"_blank\" rel=\"noreferrer noopener\"><strong>nutrition clinique&nbsp;ou pour les seniors<\/strong><\/a>, on exploite leurs vertus en pr\u00e9vention de la d\u00e9nutrition et de la fonte musculaire.<\/li>\n\n\n\n<li>En&nbsp;<a href=\"https:\/\/www.armor-proteines.com\/en\/markets\/sports-nutrition-en\/\" target=\"_blank\" rel=\"noreferrer noopener\"><strong>nutrition sportiv<\/strong><\/a><strong><a href=\"https:\/\/www.armor-proteines.com\/en\/markets\/sports-nutrition-en\/\" target=\"_blank\" rel=\"noreferrer noopener\">e<\/a>,<\/strong> elles permettent d\u2019augmenter la masse musculaire, les&nbsp;performances&nbsp;physiques et de mieux r\u00e9cup\u00e9rer apr\u00e8s l\u2019effort.<\/li>\n\n\n\n<li>En&nbsp;<a href=\"https:\/\/www.armor-proteines.com\/en\/markets\/infant-nutrition-en-health-nutrition-en\/\" target=\"_blank\" rel=\"noreferrer noopener\"><strong>nutrition infantile<\/strong><\/a>, on les utilise pour&nbsp;l\u2019alimentation des nourrissons et des jeunes enfants avec pour objectif d\u2019\u00eatre au plus pr\u00e8s de la composition du lait maternel.<\/li>\n\n\n\n<li>En nutrition active<\/li>\n<\/ul>\n\n\n\n<p>L\u2019industrie agroalimentaire&nbsp;s\u2019appuie aussi sur les propri\u00e9t\u00e9s fonctionnelles des prot\u00e9ines de lait et notamment leur pouvoir \u00e9mulsifiant pour fabriquer des desserts lact\u00e9s, yaourts, fromages, boissons, barres et&nbsp;plats cuisin\u00e9s.<\/p>\n\n\n\n<p>Milk proteins are therefore not reserved for one age group or category of individuals, they meet many needs throughout life.<\/p>\n<\/div>\n<\/div>\n\n\n        <\/div>\n\n    \n\n\n\n\n    \n        <div class=\"gk-wrapper container  no-bg\">\n            \n\n<div class=\"wp-block-columns is-layout-flex wp-container-core-columns-is-layout-9d6595d7 wp-block-columns-is-layout-flex\">\n<div class=\"wp-block-column is-layout-flow wp-block-column-is-layout-flow\">\n<h3 class=\"wp-block-heading\"><strong>L\u2019hyperprot\u00e9in\u00e9&nbsp;: une tendance actuelle pour de nombreuses cat\u00e9gories<\/strong><\/h3>\n\n\n\n<p>Le march\u00e9 de la suppl\u00e9mentation en prot\u00e9ines a connu une v\u00e9ritable envol\u00e9e ces derni\u00e8res ann\u00e9es avec une \u00e9volution de + 22% entre 2017 et 2020. Les experts nous pr\u00e9disent encore de belles prochaines ann\u00e9es avec une hausse de + 7,8%<sup>1<\/sup>  de ce march\u00e9 entre 2020 et 2028. Les prot\u00e9ines laiti\u00e8res restent largement pl\u00e9biscit\u00e9es puisqu\u2019elles sont utilis\u00e9es dans pr\u00e8s de 80% des produits suppl\u00e9ment\u00e9s en prot\u00e9ines animales actuellement.<\/p>\n\n\n\n<p>Aujourd\u2019hui, la consommation de prot\u00e9ines n\u2019est plus r\u00e9serv\u00e9e qu\u2019aux grands sportifs comme les bodybuilders&nbsp;! Au fil des ann\u00e9es, elle s\u2019est d\u00e9mocratis\u00e9e pour d\u00e9sormais \u00eatre int\u00e9gr\u00e9e dans une consommation quotidienne au travers de nombreux produits lifestyle et bien-\u00eatre. Les consommateurs associent les prot\u00e9ines avec une am\u00e9lioration de leur sant\u00e9 au global ainsi qu\u2019un boost naturel d\u2019\u00e9nergie.<sup>2<\/sup> D\u2019ailleurs, 44% des consommateurs seront plus enclins qu\u2019auparavant \u00e0 consommer des offres en accord avec leurs besoins nutritionnels. Ils sont 65% \u00e0 souhaiter augmenter la part de prot\u00e9ines dans leur r\u00e9gime alimentaire.<\/p>\n\n\n\n<p>Le profil du consommateur de prot\u00e9ines a donc bien chang\u00e9. Avec cette \u00e9volution du march\u00e9, de nouvelles offres sont lanc\u00e9es pour r\u00e9pondre \u00e0 leurs attentes, diff\u00e9rentes de la cible historique&nbsp;des sportifs. Pour plus de praticit\u00e9, du plaisir, des b\u00e9n\u00e9fices sant\u00e9 complets, les marques lancent de nouveaux produits&nbsp;: des boissons nutritionnelles, des barres, des yaourts hyperprot\u00e9in\u00e9s\u2026<\/p>\n\n\n\n<p><\/p>\n<\/div>\n\n\n\n<div class=\"wp-block-column is-layout-flow wp-block-column-is-layout-flow\">\n<figure class=\"wp-block-image size-full\"><img loading=\"lazy\" decoding=\"async\" width=\"525\" height=\"406\" src=\"https:\/\/www.armor-proteines.com\/\/wp-content\/uploads\/2022\/08\/femme-barre-redimensionnee.jpg\" alt=\"\" class=\"wp-image-2293\" srcset=\"https:\/\/www.armor-proteines.com\/\/wp-content\/uploads\/2022\/08\/femme-barre-redimensionnee.jpg 525w, https:\/\/www.armor-proteines.com\/\/wp-content\/uploads\/2022\/08\/femme-barre-redimensionnee-300x232.jpg 300w\" sizes=\"auto, (max-width: 525px) 100vw, 525px\" \/><\/figure>\n<\/div>\n<\/div>\n\n\n        <\/div>\n\n    \n\n\n\n\n    \n        <div class=\"gk-wrapper container  no-bg\">\n            \n\n<p>Armor Prot\u00e9ines vous propose de nombreux produits pour la formulation de vos solutions nutritionnelles \u00e0 base de prot\u00e9ines et hyperprot\u00e9in\u00e9es. D\u00e9couvrez-les&nbsp;!<\/p>\n\n\n        <\/div>\n\n    \n\n\n\n\n    \n        <div class=\"gk-wrapper container  no-bg\">\n            \n\n<div class=\"wp-block-columns is-layout-flex wp-container-core-columns-is-layout-9d6595d7 wp-block-columns-is-layout-flex\">\n<div class=\"wp-block-column is-layout-flow wp-block-column-is-layout-flow\">\n<p style=\"font-size:14px\"><sup>1<\/sup> Grand View Research : Protein Supplements MARKET ANALYSIS, 2021<br><sup>2<\/sup> FMCG Gurus, Consumer perspectives on protein consumption, mars 2022<\/p>\n<\/div>\n<\/div>\n\n\n        <\/div>\n\n    ","protected":false},"excerpt":{"rendered":"","protected":false},"author":15,"featured_media":1948,"parent":1674,"menu_order":0,"comment_status":"closed","ping_status":"closed","template":"template-page-thematique.php","meta":{"_acf_changed":false,"footnotes":""},"class_list":["post-1543","page","type-page","status-publish","has-post-thumbnail","hentry"],"acf":[],"yoast_head":"<!-- This site is optimized with the Yoast SEO plugin v27.3 - https:\/\/yoast.com\/product\/yoast-seo-wordpress\/ -->\n<title>High-protein products - Armor Prot\u00e9ines<\/title>\n<meta name=\"description\" content=\"Milk proteins play a very important role in muscle metabolism. Discover our range of products.\" \/>\n<meta name=\"robots\" content=\"index, follow, max-snippet:-1, max-image-preview:large, max-video-preview:-1\" \/>\n<link rel=\"canonical\" href=\"https:\/\/www.armor-proteines.com\/en\/innovation-dairy-products-our-solutions\/thematiques\/high-protein-products-with-milk-proteins\/\" \/>\n<meta property=\"og:locale\" content=\"en_US\" \/>\n<meta property=\"og:type\" content=\"article\" \/>\n<meta property=\"og:title\" content=\"High-protein products - Armor Prot\u00e9ines\" \/>\n<meta property=\"og:description\" content=\"Milk proteins play a very important role in muscle metabolism. Discover our range of products.\" \/>\n<meta property=\"og:url\" content=\"https:\/\/www.armor-proteines.com\/en\/innovation-dairy-products-our-solutions\/thematiques\/high-protein-products-with-milk-proteins\/\" \/>\n<meta property=\"og:site_name\" content=\"Armor Prot\u00e9ines\" \/>\n<meta property=\"article:modified_time\" content=\"2026-03-09T11:37:23+00:00\" \/>\n<meta property=\"og:image\" content=\"https:\/\/www.armor-proteines.com\/\/wp-content\/uploads\/2022\/07\/GettyImages-1243464425-scaled.jpg\" \/>\n\t<meta property=\"og:image:width\" content=\"2560\" \/>\n\t<meta property=\"og:image:height\" content=\"1707\" \/>\n\t<meta property=\"og:image:type\" content=\"image\/jpeg\" \/>\n<meta name=\"twitter:card\" content=\"summary_large_image\" \/>\n<meta name=\"twitter:label1\" content=\"Est. reading time\" \/>\n\t<meta name=\"twitter:data1\" content=\"8 minutes\" \/>\n<script type=\"application\/ld+json\" class=\"yoast-schema-graph\">{\"@context\":\"https:\\\/\\\/schema.org\",\"@graph\":[{\"@type\":\"WebPage\",\"@id\":\"https:\\\/\\\/www.armor-proteines.com\\\/en\\\/innovation-dairy-products-our-solutions\\\/thematiques\\\/high-protein-products-with-milk-proteins\\\/\",\"url\":\"https:\\\/\\\/www.armor-proteines.com\\\/en\\\/innovation-dairy-products-our-solutions\\\/thematiques\\\/high-protein-products-with-milk-proteins\\\/\",\"name\":\"High-protein products - Armor Prot\u00e9ines\",\"isPartOf\":{\"@id\":\"https:\\\/\\\/www.armor-proteines.com\\\/en\\\/#website\"},\"primaryImageOfPage\":{\"@id\":\"https:\\\/\\\/www.armor-proteines.com\\\/en\\\/innovation-dairy-products-our-solutions\\\/thematiques\\\/high-protein-products-with-milk-proteins\\\/#primaryimage\"},\"image\":{\"@id\":\"https:\\\/\\\/www.armor-proteines.com\\\/en\\\/innovation-dairy-products-our-solutions\\\/thematiques\\\/high-protein-products-with-milk-proteins\\\/#primaryimage\"},\"thumbnailUrl\":\"https:\\\/\\\/www.armor-proteines.com\\\/\\\/wp-content\\\/uploads\\\/2022\\\/07\\\/GettyImages-1243464425-scaled.jpg\",\"datePublished\":\"2022-07-05T14:39:35+00:00\",\"dateModified\":\"2026-03-09T11:37:23+00:00\",\"description\":\"Milk proteins play a very important role in muscle metabolism. Discover our range of products.\",\"breadcrumb\":{\"@id\":\"https:\\\/\\\/www.armor-proteines.com\\\/en\\\/innovation-dairy-products-our-solutions\\\/thematiques\\\/high-protein-products-with-milk-proteins\\\/#breadcrumb\"},\"inLanguage\":\"en-US\",\"potentialAction\":[{\"@type\":\"ReadAction\",\"target\":[\"https:\\\/\\\/www.armor-proteines.com\\\/en\\\/innovation-dairy-products-our-solutions\\\/thematiques\\\/high-protein-products-with-milk-proteins\\\/\"]}]},{\"@type\":\"ImageObject\",\"inLanguage\":\"en-US\",\"@id\":\"https:\\\/\\\/www.armor-proteines.com\\\/en\\\/innovation-dairy-products-our-solutions\\\/thematiques\\\/high-protein-products-with-milk-proteins\\\/#primaryimage\",\"url\":\"https:\\\/\\\/www.armor-proteines.com\\\/\\\/wp-content\\\/uploads\\\/2022\\\/07\\\/GettyImages-1243464425-scaled.jpg\",\"contentUrl\":\"https:\\\/\\\/www.armor-proteines.com\\\/\\\/wp-content\\\/uploads\\\/2022\\\/07\\\/GettyImages-1243464425-scaled.jpg\",\"width\":2560,\"height\":1707,\"caption\":\"Young happy sportswoman drinking fruit smoothie and looking at the camera.\"},{\"@type\":\"BreadcrumbList\",\"@id\":\"https:\\\/\\\/www.armor-proteines.com\\\/en\\\/innovation-dairy-products-our-solutions\\\/thematiques\\\/high-protein-products-with-milk-proteins\\\/#breadcrumb\",\"itemListElement\":[{\"@type\":\"ListItem\",\"position\":1,\"name\":\"Home\",\"item\":\"https:\\\/\\\/www.armor-proteines.com\\\/en\\\/\"},{\"@type\":\"ListItem\",\"position\":2,\"name\":\"Our solutions\",\"item\":\"https:\\\/\\\/www.armor-proteines.com\\\/en\\\/innovation-dairy-products-our-solutions\\\/\"},{\"@type\":\"ListItem\",\"position\":3,\"name\":\"Trends\",\"item\":\"https:\\\/\\\/www.armor-proteines.com\\\/en\\\/innovation-dairy-products-our-solutions\\\/thematiques\\\/\"},{\"@type\":\"ListItem\",\"position\":4,\"name\":\"High-protein products\"}]},{\"@type\":\"WebSite\",\"@id\":\"https:\\\/\\\/www.armor-proteines.com\\\/en\\\/#website\",\"url\":\"https:\\\/\\\/www.armor-proteines.com\\\/en\\\/\",\"name\":\"Armor Prot\u00e9ines\",\"description\":\"Share more than milk together!\",\"potentialAction\":[{\"@type\":\"SearchAction\",\"target\":{\"@type\":\"EntryPoint\",\"urlTemplate\":\"https:\\\/\\\/www.armor-proteines.com\\\/en\\\/?s={search_term_string}\"},\"query-input\":{\"@type\":\"PropertyValueSpecification\",\"valueRequired\":true,\"valueName\":\"search_term_string\"}}],\"inLanguage\":\"en-US\"}]}<\/script>\n<!-- \/ Yoast SEO plugin. -->","yoast_head_json":{"title":"High-protein products - Armor Prot\u00e9ines","description":"Milk proteins play a very important role in muscle metabolism. Discover our range of products.","robots":{"index":"index","follow":"follow","max-snippet":"max-snippet:-1","max-image-preview":"max-image-preview:large","max-video-preview":"max-video-preview:-1"},"canonical":"https:\/\/www.armor-proteines.com\/en\/innovation-dairy-products-our-solutions\/thematiques\/high-protein-products-with-milk-proteins\/","og_locale":"en_US","og_type":"article","og_title":"High-protein products - Armor Prot\u00e9ines","og_description":"Milk proteins play a very important role in muscle metabolism. Discover our range of products.","og_url":"https:\/\/www.armor-proteines.com\/en\/innovation-dairy-products-our-solutions\/thematiques\/high-protein-products-with-milk-proteins\/","og_site_name":"Armor Prot\u00e9ines","article_modified_time":"2026-03-09T11:37:23+00:00","og_image":[{"width":2560,"height":1707,"url":"https:\/\/www.armor-proteines.com\/\/wp-content\/uploads\/2022\/07\/GettyImages-1243464425-scaled.jpg","type":"image\/jpeg"}],"twitter_card":"summary_large_image","twitter_misc":{"Est. reading time":"8 minutes"},"schema":{"@context":"https:\/\/schema.org","@graph":[{"@type":"WebPage","@id":"https:\/\/www.armor-proteines.com\/en\/innovation-dairy-products-our-solutions\/thematiques\/high-protein-products-with-milk-proteins\/","url":"https:\/\/www.armor-proteines.com\/en\/innovation-dairy-products-our-solutions\/thematiques\/high-protein-products-with-milk-proteins\/","name":"High-protein products - Armor Prot\u00e9ines","isPartOf":{"@id":"https:\/\/www.armor-proteines.com\/en\/#website"},"primaryImageOfPage":{"@id":"https:\/\/www.armor-proteines.com\/en\/innovation-dairy-products-our-solutions\/thematiques\/high-protein-products-with-milk-proteins\/#primaryimage"},"image":{"@id":"https:\/\/www.armor-proteines.com\/en\/innovation-dairy-products-our-solutions\/thematiques\/high-protein-products-with-milk-proteins\/#primaryimage"},"thumbnailUrl":"https:\/\/www.armor-proteines.com\/\/wp-content\/uploads\/2022\/07\/GettyImages-1243464425-scaled.jpg","datePublished":"2022-07-05T14:39:35+00:00","dateModified":"2026-03-09T11:37:23+00:00","description":"Milk proteins play a very important role in muscle metabolism. Discover our range of products.","breadcrumb":{"@id":"https:\/\/www.armor-proteines.com\/en\/innovation-dairy-products-our-solutions\/thematiques\/high-protein-products-with-milk-proteins\/#breadcrumb"},"inLanguage":"en-US","potentialAction":[{"@type":"ReadAction","target":["https:\/\/www.armor-proteines.com\/en\/innovation-dairy-products-our-solutions\/thematiques\/high-protein-products-with-milk-proteins\/"]}]},{"@type":"ImageObject","inLanguage":"en-US","@id":"https:\/\/www.armor-proteines.com\/en\/innovation-dairy-products-our-solutions\/thematiques\/high-protein-products-with-milk-proteins\/#primaryimage","url":"https:\/\/www.armor-proteines.com\/\/wp-content\/uploads\/2022\/07\/GettyImages-1243464425-scaled.jpg","contentUrl":"https:\/\/www.armor-proteines.com\/\/wp-content\/uploads\/2022\/07\/GettyImages-1243464425-scaled.jpg","width":2560,"height":1707,"caption":"Young happy sportswoman drinking fruit smoothie and looking at the camera."},{"@type":"BreadcrumbList","@id":"https:\/\/www.armor-proteines.com\/en\/innovation-dairy-products-our-solutions\/thematiques\/high-protein-products-with-milk-proteins\/#breadcrumb","itemListElement":[{"@type":"ListItem","position":1,"name":"Home","item":"https:\/\/www.armor-proteines.com\/en\/"},{"@type":"ListItem","position":2,"name":"Our solutions","item":"https:\/\/www.armor-proteines.com\/en\/innovation-dairy-products-our-solutions\/"},{"@type":"ListItem","position":3,"name":"Trends","item":"https:\/\/www.armor-proteines.com\/en\/innovation-dairy-products-our-solutions\/thematiques\/"},{"@type":"ListItem","position":4,"name":"High-protein products"}]},{"@type":"WebSite","@id":"https:\/\/www.armor-proteines.com\/en\/#website","url":"https:\/\/www.armor-proteines.com\/en\/","name":"Armor Prot\u00e9ines","description":"Share more than milk together!","potentialAction":[{"@type":"SearchAction","target":{"@type":"EntryPoint","urlTemplate":"https:\/\/www.armor-proteines.com\/en\/?s={search_term_string}"},"query-input":{"@type":"PropertyValueSpecification","valueRequired":true,"valueName":"search_term_string"}}],"inLanguage":"en-US"}]}},"_links":{"self":[{"href":"https:\/\/www.armor-proteines.com\/en\/wp-json\/wp\/v2\/pages\/1543","targetHints":{"allow":["GET"]}}],"collection":[{"href":"https:\/\/www.armor-proteines.com\/en\/wp-json\/wp\/v2\/pages"}],"about":[{"href":"https:\/\/www.armor-proteines.com\/en\/wp-json\/wp\/v2\/types\/page"}],"author":[{"embeddable":true,"href":"https:\/\/www.armor-proteines.com\/en\/wp-json\/wp\/v2\/users\/15"}],"replies":[{"embeddable":true,"href":"https:\/\/www.armor-proteines.com\/en\/wp-json\/wp\/v2\/comments?post=1543"}],"version-history":[{"count":59,"href":"https:\/\/www.armor-proteines.com\/en\/wp-json\/wp\/v2\/pages\/1543\/revisions"}],"predecessor-version":[{"id":3705,"href":"https:\/\/www.armor-proteines.com\/en\/wp-json\/wp\/v2\/pages\/1543\/revisions\/3705"}],"up":[{"embeddable":true,"href":"https:\/\/www.armor-proteines.com\/en\/wp-json\/wp\/v2\/pages\/1674"}],"wp:featuredmedia":[{"embeddable":true,"href":"https:\/\/www.armor-proteines.com\/en\/wp-json\/wp\/v2\/media\/1948"}],"wp:attachment":[{"href":"https:\/\/www.armor-proteines.com\/en\/wp-json\/wp\/v2\/media?parent=1543"}],"curies":[{"name":"wp","href":"https:\/\/api.w.org\/{rel}","templated":true}]}}